{"id":25,"date":"2025-08-21T14:19:34","date_gmt":"2025-08-21T14:19:34","guid":{"rendered":"https:\/\/amalbijoutrie.com\/about\/"},"modified":"2025-08-23T03:55:02","modified_gmt":"2025-08-23T03:55:02","slug":"about","status":"publish","type":"page","link":"https:\/\/amalbijoutrie.com\/?page_id=25","title":{"rendered":"A Propos de Nous"},"content":{"rendered":"\t\t<div data-elementor-type=\"wp-page\" data-elementor-id=\"25\" class=\"elementor elementor-25\">\n\t\t\t\t<div class=\"elementor-element elementor-element-5849b4ea e-flex e-con-boxed e-con e-parent\" data-id=\"5849b4ea\" data-element_type=\"container\" data-settings=\"{&quot;background_background&quot;:&quot;classic&quot;}\">\n\t\t\t\t\t<div class=\"e-con-inner\">\n\t\t\t\t<div class=\"elementor-element elementor-element-427f23b0 elementor-widget elementor-widget-elementskit-heading\" data-id=\"427f23b0\" data-element_type=\"widget\" data-settings=\"{&quot;_animation_mobile&quot;:&quot;fadeInUp&quot;}\" data-widget_type=\"elementskit-heading.default\">\n\t\t\t\t<div class=\"elementor-widget-container\">\n\t\t\t\t\t<div class=\"ekit-wid-con\" ><div class=\"ekit-heading elementskit-section-title-wraper text_left   ekit_heading_tablet-   ekit_heading_mobile-text_center\"><h1 class=\"ekit-heading--title elementskit-section-title \">Bienvenue chez Amal Bijouterie, une maison d\u00e9di\u00e9e \u00e0 l\u2019art du bijou.<\/h1><\/div><\/div>\t\t\t\t<\/div>\n\t\t\t\t<\/div>\n\t\t\t\t<div class=\"elementor-element elementor-element-384591ba elementor-align-left elementor-widget elementor-widget-elementskit-button\" data-id=\"384591ba\" data-element_type=\"widget\" data-widget_type=\"elementskit-button.default\">\n\t\t\t\t<div class=\"elementor-widget-container\">\n\t\t\t\t\t<div class=\"ekit-wid-con\" >\t\t<div class=\"ekit-btn-wraper\">\n\t\t\t\t\t\t\t<a href=\"#\" class=\"elementskit-btn  whitespace--normal\" id=\"\">\n\t\t\t\t\tBOUTIQUE\t\t\t\t<\/a>\n\t\t\t\t\t<\/div>\n        <\/div>\t\t\t\t<\/div>\n\t\t\t\t<\/div>\n\t\t\t\t\t<\/div>\n\t\t\t\t<\/div>\n\t\t<div class=\"elementor-element elementor-element-14efb3e7 e-grid e-con-boxed e-con e-child\" data-id=\"14efb3e7\" data-element_type=\"container\" data-settings=\"{&quot;background_background&quot;:&quot;classic&quot;}\">\n\t\t\t\t\t<div class=\"e-con-inner\">\n\t\t<div class=\"elementor-element elementor-element-5494c424 e-con-full e-flex e-con e-child\" data-id=\"5494c424\" data-element_type=\"container\">\n\t\t\t\t<div class=\"elementor-element elementor-element-30329dab elementor-widget elementor-widget-image\" data-id=\"30329dab\" data-element_type=\"widget\" data-widget_type=\"image.default\">\n\t\t\t\t<div class=\"elementor-widget-container\">\n\t\t\t\t\t\t\t\t\t\t\t\t\t\t\t<img fetchpriority=\"high\" decoding=\"async\" width=\"576\" height=\"1024\" src=\"https:\/\/amalbijoutrie.com\/wp-content\/uploads\/2025\/08\/IMG_2741-576x1024.jpeg\" class=\"attachment-large size-large wp-image-1900\" alt=\"\" srcset=\"https:\/\/amalbijoutrie.com\/wp-content\/uploads\/2025\/08\/IMG_2741-576x1024.jpeg 576w, https:\/\/amalbijoutrie.com\/wp-content\/uploads\/2025\/08\/IMG_2741-169x300.jpeg 169w, https:\/\/amalbijoutrie.com\/wp-content\/uploads\/2025\/08\/IMG_2741-768x1365.jpeg 768w, https:\/\/amalbijoutrie.com\/wp-content\/uploads\/2025\/08\/IMG_2741-864x1536.jpeg 864w, https:\/\/amalbijoutrie.com\/wp-content\/uploads\/2025\/08\/IMG_2741-1152x2048.jpeg 1152w, https:\/\/amalbijoutrie.com\/wp-content\/uploads\/2025\/08\/IMG_2741-600x1067.jpeg 600w, https:\/\/amalbijoutrie.com\/wp-content\/uploads\/2025\/08\/IMG_2741-scaled.jpeg 1440w\" sizes=\"(max-width: 576px) 100vw, 576px\" \/>\t\t\t\t\t\t\t\t\t\t\t\t\t\t\t<\/div>\n\t\t\t\t<\/div>\n\t\t\t\t<div class=\"elementor-element elementor-element-5b993266 elementor-align-right elementor-absolute elementor-widget elementor-widget-elementskit-button\" data-id=\"5b993266\" data-element_type=\"widget\" data-settings=\"{&quot;_position&quot;:&quot;absolute&quot;}\" data-widget_type=\"elementskit-button.default\">\n\t\t\t\t<div class=\"elementor-widget-container\">\n\t\t\t\t\t<div class=\"ekit-wid-con\" >\t\t<div class=\"ekit-btn-wraper\">\n\t\t\t\t\t\t\t<a href=\"#\" class=\"elementskit-btn  whitespace--normal\" id=\"\">\n\t\t\t\t\tBoucles\t\t\t\t<\/a>\n\t\t\t\t\t<\/div>\n        <\/div>\t\t\t\t<\/div>\n\t\t\t\t<\/div>\n\t\t\t\t<\/div>\n\t\t<div class=\"elementor-element elementor-element-7bdf79bc e-con-full e-flex e-con e-child\" data-id=\"7bdf79bc\" data-element_type=\"container\">\n\t\t\t\t<div class=\"elementor-element elementor-element-187521e9 elementor-widget elementor-widget-image\" data-id=\"187521e9\" data-element_type=\"widget\" data-widget_type=\"image.default\">\n\t\t\t\t<div class=\"elementor-widget-container\">\n\t\t\t\t\t\t\t\t\t\t\t\t\t\t\t<img decoding=\"async\" width=\"576\" height=\"1024\" src=\"https:\/\/amalbijoutrie.com\/wp-content\/uploads\/2025\/08\/IMG_2494-576x1024.jpeg\" class=\"attachment-large size-large wp-image-1892\" alt=\"\" srcset=\"https:\/\/amalbijoutrie.com\/wp-content\/uploads\/2025\/08\/IMG_2494-576x1024.jpeg 576w, https:\/\/amalbijoutrie.com\/wp-content\/uploads\/2025\/08\/IMG_2494-169x300.jpeg 169w, https:\/\/amalbijoutrie.com\/wp-content\/uploads\/2025\/08\/IMG_2494-768x1365.jpeg 768w, https:\/\/amalbijoutrie.com\/wp-content\/uploads\/2025\/08\/IMG_2494-864x1536.jpeg 864w, https:\/\/amalbijoutrie.com\/wp-content\/uploads\/2025\/08\/IMG_2494-1152x2048.jpeg 1152w, https:\/\/amalbijoutrie.com\/wp-content\/uploads\/2025\/08\/IMG_2494-600x1067.jpeg 600w, https:\/\/amalbijoutrie.com\/wp-content\/uploads\/2025\/08\/IMG_2494-scaled.jpeg 1440w\" sizes=\"(max-width: 576px) 100vw, 576px\" \/>\t\t\t\t\t\t\t\t\t\t\t\t\t\t\t<\/div>\n\t\t\t\t<\/div>\n\t\t\t\t<div class=\"elementor-element elementor-element-72c1d283 elementor-align-right elementor-absolute elementor-widget elementor-widget-elementskit-button\" data-id=\"72c1d283\" data-element_type=\"widget\" data-settings=\"{&quot;_position&quot;:&quot;absolute&quot;}\" data-widget_type=\"elementskit-button.default\">\n\t\t\t\t<div class=\"elementor-widget-container\">\n\t\t\t\t\t<div class=\"ekit-wid-con\" >\t\t<div class=\"ekit-btn-wraper\">\n\t\t\t\t\t\t\t<a href=\"#\" class=\"elementskit-btn  whitespace--normal\" id=\"\">\n\t\t\t\t\tgourmette \t\t\t\t<\/a>\n\t\t\t\t\t<\/div>\n        <\/div>\t\t\t\t<\/div>\n\t\t\t\t<\/div>\n\t\t\t\t<\/div>\n\t\t<div class=\"elementor-element elementor-element-51336f96 e-con-full e-flex e-con e-child\" data-id=\"51336f96\" data-element_type=\"container\">\n\t\t\t\t<div class=\"elementor-element elementor-element-374115ef elementor-widget-mobile__width-inherit elementor-widget elementor-widget-image\" data-id=\"374115ef\" data-element_type=\"widget\" data-widget_type=\"image.default\">\n\t\t\t\t<div class=\"elementor-widget-container\">\n\t\t\t\t\t\t\t\t\t\t\t\t\t\t\t<img decoding=\"async\" width=\"576\" height=\"1024\" src=\"https:\/\/amalbijoutrie.com\/wp-content\/uploads\/2025\/08\/IMG_2778-Copie-576x1024.jpeg\" class=\"attachment-large size-large wp-image-1855\" alt=\"\" srcset=\"https:\/\/amalbijoutrie.com\/wp-content\/uploads\/2025\/08\/IMG_2778-Copie-576x1024.jpeg 576w, https:\/\/amalbijoutrie.com\/wp-content\/uploads\/2025\/08\/IMG_2778-Copie-169x300.jpeg 169w, https:\/\/amalbijoutrie.com\/wp-content\/uploads\/2025\/08\/IMG_2778-Copie-768x1365.jpeg 768w, https:\/\/amalbijoutrie.com\/wp-content\/uploads\/2025\/08\/IMG_2778-Copie-864x1536.jpeg 864w, https:\/\/amalbijoutrie.com\/wp-content\/uploads\/2025\/08\/IMG_2778-Copie-1152x2048.jpeg 1152w, https:\/\/amalbijoutrie.com\/wp-content\/uploads\/2025\/08\/IMG_2778-Copie-600x1067.jpeg 600w, https:\/\/amalbijoutrie.com\/wp-content\/uploads\/2025\/08\/IMG_2778-Copie-scaled.jpeg 1440w\" sizes=\"(max-width: 576px) 100vw, 576px\" \/>\t\t\t\t\t\t\t\t\t\t\t\t\t\t\t<\/div>\n\t\t\t\t<\/div>\n\t\t\t\t<div class=\"elementor-element elementor-element-667a3461 elementor-align-right elementor-absolute elementor-widget elementor-widget-elementskit-button\" data-id=\"667a3461\" data-element_type=\"widget\" data-settings=\"{&quot;_position&quot;:&quot;absolute&quot;}\" data-widget_type=\"elementskit-button.default\">\n\t\t\t\t<div class=\"elementor-widget-container\">\n\t\t\t\t\t<div class=\"ekit-wid-con\" >\t\t<div class=\"ekit-btn-wraper\">\n\t\t\t\t\t\t\t<a href=\"#\" class=\"elementskit-btn  whitespace--normal\" id=\"\">\n\t\t\t\t\tensembles\t\t\t\t<\/a>\n\t\t\t\t\t<\/div>\n        <\/div>\t\t\t\t<\/div>\n\t\t\t\t<\/div>\n\t\t\t\t<\/div>\n\t\t\t\t\t<\/div>\n\t\t\t\t<\/div>\n\t\t<div class=\"elementor-element elementor-element-7d285050 e-flex e-con-boxed e-con e-parent\" data-id=\"7d285050\" data-element_type=\"container\" data-settings=\"{&quot;background_background&quot;:&quot;classic&quot;}\">\n\t\t\t\t\t<div class=\"e-con-inner\">\n\t\t<div class=\"elementor-element elementor-element-1bf93f14 e-con-full e-flex e-con e-child\" data-id=\"1bf93f14\" data-element_type=\"container\">\n\t\t\t\t<div class=\"elementor-element elementor-element-56353284 elementor-widget elementor-widget-elementskit-heading\" data-id=\"56353284\" data-element_type=\"widget\" data-widget_type=\"elementskit-heading.default\">\n\t\t\t\t<div class=\"elementor-widget-container\">\n\t\t\t\t\t<div class=\"ekit-wid-con\" ><div class=\"ekit-heading elementskit-section-title-wraper text_left   ekit_heading_tablet-   ekit_heading_mobile-text_center\"><div class=\"ekit_heading_separetor_wraper ekit_heading_elementskit-border-divider ekit-dotted\"><div class=\"elementskit-border-divider ekit-dotted\"><\/div><\/div><h2 class=\"ekit-heading--title elementskit-section-title \">Depuis notre cr\u00e9ation, nous mettons tout notre savoir-faire et notre passion dans la conception de bijoux uniques, \u00e9l\u00e9gants et intemporels<\/h2><\/div><\/div>\t\t\t\t<\/div>\n\t\t\t\t<\/div>\n\t\t\t\t<\/div>\n\t\t<div class=\"elementor-element elementor-element-395101be e-con-full e-flex e-con e-child\" data-id=\"395101be\" data-element_type=\"container\">\n\t\t\t\t<div class=\"elementor-element elementor-element-3d4d9fce elementor-widget elementor-widget-image\" data-id=\"3d4d9fce\" data-element_type=\"widget\" data-widget_type=\"image.default\">\n\t\t\t\t<div class=\"elementor-widget-container\">\n\t\t\t\t\t\t\t\t\t\t\t\t\t\t\t<img loading=\"lazy\" decoding=\"async\" width=\"576\" height=\"1024\" src=\"https:\/\/amalbijoutrie.com\/wp-content\/uploads\/2025\/08\/IMG_2666-Copie-576x1024.jpeg\" class=\"attachment-large size-large wp-image-1835\" alt=\"\" srcset=\"https:\/\/amalbijoutrie.com\/wp-content\/uploads\/2025\/08\/IMG_2666-Copie-576x1024.jpeg 576w, https:\/\/amalbijoutrie.com\/wp-content\/uploads\/2025\/08\/IMG_2666-Copie-169x300.jpeg 169w, https:\/\/amalbijoutrie.com\/wp-content\/uploads\/2025\/08\/IMG_2666-Copie-768x1365.jpeg 768w, https:\/\/amalbijoutrie.com\/wp-content\/uploads\/2025\/08\/IMG_2666-Copie-864x1536.jpeg 864w, https:\/\/amalbijoutrie.com\/wp-content\/uploads\/2025\/08\/IMG_2666-Copie-1152x2048.jpeg 1152w, https:\/\/amalbijoutrie.com\/wp-content\/uploads\/2025\/08\/IMG_2666-Copie-600x1067.jpeg 600w, https:\/\/amalbijoutrie.com\/wp-content\/uploads\/2025\/08\/IMG_2666-Copie-scaled.jpeg 1440w\" sizes=\"(max-width: 576px) 100vw, 576px\" \/>\t\t\t\t\t\t\t\t\t\t\t\t\t\t\t<\/div>\n\t\t\t\t<\/div>\n\t\t\t\t<\/div>\n\t\t\t\t\t<\/div>\n\t\t\t\t<\/div>\n\t\t<div class=\"elementor-element elementor-element-7eba7d23 e-con-full e-flex e-con e-parent\" data-id=\"7eba7d23\" data-element_type=\"container\" data-settings=\"{&quot;background_background&quot;:&quot;classic&quot;}\">\n\t\t<div class=\"elementor-element elementor-element-1f8b56a5 e-con-full e-flex e-con e-child\" data-id=\"1f8b56a5\" data-element_type=\"container\" data-settings=\"{&quot;background_background&quot;:&quot;classic&quot;}\">\n\t\t\t\t<div class=\"elementor-element elementor-element-7e33bf5c elementor-widget elementor-widget-image\" data-id=\"7e33bf5c\" data-element_type=\"widget\" data-widget_type=\"image.default\">\n\t\t\t\t<div class=\"elementor-widget-container\">\n\t\t\t\t\t\t\t\t\t\t\t\t\t\t\t<img loading=\"lazy\" decoding=\"async\" width=\"1440\" height=\"2560\" src=\"https:\/\/amalbijoutrie.com\/wp-content\/uploads\/2025\/08\/IMG_2575-Copie-scaled.jpeg\" class=\"attachment-full size-full wp-image-1819\" alt=\"\" srcset=\"https:\/\/amalbijoutrie.com\/wp-content\/uploads\/2025\/08\/IMG_2575-Copie-scaled.jpeg 1440w, https:\/\/amalbijoutrie.com\/wp-content\/uploads\/2025\/08\/IMG_2575-Copie-169x300.jpeg 169w, https:\/\/amalbijoutrie.com\/wp-content\/uploads\/2025\/08\/IMG_2575-Copie-576x1024.jpeg 576w, https:\/\/amalbijoutrie.com\/wp-content\/uploads\/2025\/08\/IMG_2575-Copie-768x1366.jpeg 768w, https:\/\/amalbijoutrie.com\/wp-content\/uploads\/2025\/08\/IMG_2575-Copie-864x1536.jpeg 864w, https:\/\/amalbijoutrie.com\/wp-content\/uploads\/2025\/08\/IMG_2575-Copie-1152x2048.jpeg 1152w, https:\/\/amalbijoutrie.com\/wp-content\/uploads\/2025\/08\/IMG_2575-Copie-600x1067.jpeg 600w\" sizes=\"(max-width: 1440px) 100vw, 1440px\" \/>\t\t\t\t\t\t\t\t\t\t\t\t\t\t\t<\/div>\n\t\t\t\t<\/div>\n\t\t\t\t<\/div>\n\t\t<div class=\"elementor-element elementor-element-16b72a42 e-con-full e-flex e-con e-child\" data-id=\"16b72a42\" data-element_type=\"container\">\n\t\t\t\t<div class=\"elementor-element elementor-element-37274b0d elementor-widget elementor-widget-elementskit-heading\" data-id=\"37274b0d\" data-element_type=\"widget\" data-widget_type=\"elementskit-heading.default\">\n\t\t\t\t<div class=\"elementor-widget-container\">\n\t\t\t\t\t<div class=\"ekit-wid-con\" ><div class=\"ekit-heading elementskit-section-title-wraper text_left   ekit_heading_tablet-   ekit_heading_mobile-text_center\"><h2 class=\"ekit-heading--title elementskit-section-title \">Amal bijoutrie <\/h2>\t\t\t\t<div class='ekit-heading__description'>\n\t\t\t\t\t<p>Chaque pi\u00e8ce que nous proposons est pens\u00e9e pour sublimer votre beaut\u00e9 et accompagner vos plus beaux moments de vie.<\/p>\n\t\t\t\t<\/div>\n\t\t\t<\/div><\/div>\t\t\t\t<\/div>\n\t\t\t\t<\/div>\n\t\t\t\t<div class=\"elementor-element elementor-element-2d7ea85a elementor-widget__width-initial elementor-widget-tablet__width-inherit elementor-widget elementor-widget-elementskit-progressbar\" data-id=\"2d7ea85a\" data-element_type=\"widget\" data-widget_type=\"elementskit-progressbar.default\">\n\t\t\t\t<div class=\"elementor-widget-container\">\n\t\t\t\t\t<div class=\"ekit-wid-con\" >        <div class=\"waypoint-tigger\">\n            <div class=\"skillbar-group \" data-progress-bar=\"\">\n                <div class=\"single-skill-bar\">\n                                            <div class=\"skill-bar-content\">\n                            <span class=\"skill-title\">Bagues<\/span>\n                        <\/div><!-- .skill-bar-content END -->\n                        <div class=\"skill-bar\">\n                            <div class=\"skill-track\">\n                                \n                                <div class=\"number-percentage-wraper\">\n                                    <span class=\"number-percentage\" data-value=\"90\" data-animation-duration=\"1000\">0<\/span>%\n\n                                                                    <\/div>\n                            <\/div>\n                        <\/div><!-- .skill-bar END -->\n                                    <\/div><!-- .single-skill-bar END -->\n            <\/div><!-- .skillbar-group END -->\n        <\/div>\n        <\/div>\t\t\t\t<\/div>\n\t\t\t\t<\/div>\n\t\t\t\t<div class=\"elementor-element elementor-element-af60879 elementor-widget__width-initial elementor-widget-tablet__width-inherit elementor-widget elementor-widget-elementskit-progressbar\" data-id=\"af60879\" data-element_type=\"widget\" data-widget_type=\"elementskit-progressbar.default\">\n\t\t\t\t<div class=\"elementor-widget-container\">\n\t\t\t\t\t<div class=\"ekit-wid-con\" >        <div class=\"waypoint-tigger\">\n            <div class=\"skillbar-group \" data-progress-bar=\"\">\n                <div class=\"single-skill-bar\">\n                                            <div class=\"skill-bar-content\">\n                            <span class=\"skill-title\">chaines<\/span>\n                        <\/div><!-- .skill-bar-content END -->\n                        <div class=\"skill-bar\">\n                            <div class=\"skill-track\">\n                                \n                                <div class=\"number-percentage-wraper\">\n                                    <span class=\"number-percentage\" data-value=\"75\" data-animation-duration=\"1000\">0<\/span>%\n\n                                                                    <\/div>\n                            <\/div>\n                        <\/div><!-- .skill-bar END -->\n                                    <\/div><!-- .single-skill-bar END -->\n            <\/div><!-- .skillbar-group END -->\n        <\/div>\n        <\/div>\t\t\t\t<\/div>\n\t\t\t\t<\/div>\n\t\t\t\t<div class=\"elementor-element elementor-element-409263fd elementor-widget__width-initial elementor-widget-tablet__width-inherit elementor-widget elementor-widget-elementskit-progressbar\" data-id=\"409263fd\" data-element_type=\"widget\" data-widget_type=\"elementskit-progressbar.default\">\n\t\t\t\t<div class=\"elementor-widget-container\">\n\t\t\t\t\t<div class=\"ekit-wid-con\" >        <div class=\"waypoint-tigger\">\n            <div class=\"skillbar-group \" data-progress-bar=\"\">\n                <div class=\"single-skill-bar\">\n                                            <div class=\"skill-bar-content\">\n                            <span class=\"skill-title\">bracelet<\/span>\n                        <\/div><!-- .skill-bar-content END -->\n                        <div class=\"skill-bar\">\n                            <div class=\"skill-track\">\n                                \n                                <div class=\"number-percentage-wraper\">\n                                    <span class=\"number-percentage\" data-value=\"95\" data-animation-duration=\"1000\">0<\/span>%\n\n                                                                    <\/div>\n                            <\/div>\n                        <\/div><!-- .skill-bar END -->\n                                    <\/div><!-- .single-skill-bar END -->\n            <\/div><!-- .skillbar-group END -->\n        <\/div>\n        <\/div>\t\t\t\t<\/div>\n\t\t\t\t<\/div>\n\t\t\t\t<div class=\"elementor-element elementor-element-56d5cb71 elementor-widget__width-initial elementor-widget-tablet__width-inherit elementor-widget elementor-widget-elementskit-progressbar\" data-id=\"56d5cb71\" data-element_type=\"widget\" data-widget_type=\"elementskit-progressbar.default\">\n\t\t\t\t<div class=\"elementor-widget-container\">\n\t\t\t\t\t<div class=\"ekit-wid-con\" >        <div class=\"waypoint-tigger\">\n            <div class=\"skillbar-group \" data-progress-bar=\"\">\n                <div class=\"single-skill-bar\">\n                                            <div class=\"skill-bar-content\">\n                            <span class=\"skill-title\">Gourmette<\/span>\n                        <\/div><!-- .skill-bar-content END -->\n                        <div class=\"skill-bar\">\n                            <div class=\"skill-track\">\n                                \n                                <div class=\"number-percentage-wraper\">\n                                    <span class=\"number-percentage\" data-value=\"85\" data-animation-duration=\"1000\">0<\/span>%\n\n                                                                    <\/div>\n                            <\/div>\n                        <\/div><!-- .skill-bar END -->\n                                    <\/div><!-- .single-skill-bar END -->\n            <\/div><!-- .skillbar-group END -->\n        <\/div>\n        <\/div>\t\t\t\t<\/div>\n\t\t\t\t<\/div>\n\t\t\t\t<\/div>\n\t\t\t\t<\/div>\n\t\t\t\t<\/div>\n\t\t","protected":false},"excerpt":{"rendered":"<p>Bienvenue chez Amal Bijouterie, une maison d\u00e9di\u00e9e \u00e0 l\u2019art du bijou. BOUTIQUE Boucles gourmette ensembles Depuis notre cr\u00e9ation, nous mettons tout notre savoir-faire et notre passion dans la conception de bijoux uniques, \u00e9l\u00e9gants et intemporels Amal bijoutrie Chaque pi\u00e8ce que nous proposons est pens\u00e9e pour sublimer votre beaut\u00e9 et accompagner vos plus beaux moments de [&hellip;]<\/p>\n","protected":false},"author":1,"featured_media":0,"parent":0,"menu_order":0,"comment_status":"closed","ping_status":"closed","template":"","meta":{"_uag_custom_page_level_css":"","site-sidebar-layout":"default","site-content-layout":"page-builder","ast-site-content-layout":"full-width-container","site-content-style":"unboxed","site-sidebar-style":"unboxed","ast-global-header-display":"","ast-banner-title-visibility":"","ast-main-header-display":"","ast-hfb-above-header-display":"","ast-hfb-below-header-display":"","ast-hfb-mobile-header-display":"","site-post-title":"disabled","ast-breadcrumbs-content":"","ast-featured-img":"","footer-sml-layout":"","theme-transparent-header-meta":"enabled","adv-header-id-meta":"","stick-header-meta":"","header-above-stick-meta":"","header-main-stick-meta":"","header-below-stick-meta":"","astra-migrate-meta-layouts":"set","ast-page-background-enabled":"default","ast-page-background-meta":{"desktop":{"background-color":"var(--ast-global-color-4)","background-image":"","background-repeat":"repeat","background-position":"center center","background-size":"auto","background-attachment":"scroll","background-type":"","background-media":"","overlay-type":"","overlay-color":"","overlay-opacity":"","overlay-gradient":""},"tablet":{"background-color":"","background-image":"","background-repeat":"repeat","background-position":"center center","background-size":"auto","background-attachment":"scroll","background-type":"","background-media":"","overlay-type":"","overlay-color":"","overlay-opacity":"","overlay-gradient":""},"mobile":{"background-color":"","background-image":"","background-repeat":"repeat","background-position":"center center","background-size":"auto","background-attachment":"scroll","background-type":"","background-media":"","overlay-type":"","overlay-color":"","overlay-opacity":"","overlay-gradient":""}},"ast-content-background-meta":{"desktop":{"background-color":"var(--ast-global-color-5)","background-image":"","background-repeat":"repeat","background-position":"center center","background-size":"auto","background-attachment":"scroll","background-type":"","background-media":"","overlay-type":"","overlay-color":"","overlay-opacity":"","overlay-gradient":""},"tablet":{"background-color":"var(--ast-global-color-5)","background-image":"","background-repeat":"repeat","background-position":"center center","background-size":"auto","background-attachment":"scroll","background-type":"","background-media":"","overlay-type":"","overlay-color":"","overlay-opacity":"","overlay-gradient":""},"mobile":{"background-color":"var(--ast-global-color-5)","background-image":"","background-repeat":"repeat","background-position":"center center","background-size":"auto","background-attachment":"scroll","background-type":"","background-media":"","overlay-type":"","overlay-color":"","overlay-opacity":"","overlay-gradient":""}},"_joinchat":[],"footnotes":""},"class_list":["post-25","page","type-page","status-publish","hentry"],"uagb_featured_image_src":{"full":false,"thumbnail":false,"medium":false,"medium_large":false,"large":false,"1536x1536":false,"2048x2048":false,"woocommerce_thumbnail":false,"woocommerce_single":false,"woocommerce_gallery_thumbnail":false},"uagb_author_info":{"display_name":"varmajora0001@GMAIL.COM","author_link":"https:\/\/amalbijoutrie.com\/?author=1"},"uagb_comment_info":0,"uagb_excerpt":"Bienvenue chez Amal Bijouterie, une maison d\u00e9di\u00e9e \u00e0 l\u2019art du bijou. BOUTIQUE Boucles gourmette ensembles Depuis notre cr\u00e9ation, nous mettons tout notre savoir-faire et notre passion dans la conception de bijoux uniques, \u00e9l\u00e9gants et intemporels Amal bijoutrie Chaque pi\u00e8ce que nous proposons est pens\u00e9e pour sublimer votre beaut\u00e9 et accompagner vos plus beaux moments de\u2026","_links":{"self":[{"href":"https:\/\/amalbijoutrie.com\/index.php?rest_route=\/wp\/v2\/pages\/25","targetHints":{"allow":["GET"]}}],"collection":[{"href":"https:\/\/amalbijoutrie.com\/index.php?rest_route=\/wp\/v2\/pages"}],"about":[{"href":"https:\/\/amalbijoutrie.com\/index.php?rest_route=\/wp\/v2\/types\/page"}],"author":[{"embeddable":true,"href":"https:\/\/amalbijoutrie.com\/index.php?rest_route=\/wp\/v2\/users\/1"}],"replies":[{"embeddable":true,"href":"https:\/\/amalbijoutrie.com\/index.php?rest_route=%2Fwp%2Fv2%2Fcomments&post=25"}],"version-history":[{"count":24,"href":"https:\/\/amalbijoutrie.com\/index.php?rest_route=\/wp\/v2\/pages\/25\/revisions"}],"predecessor-version":[{"id":1956,"href":"https:\/\/amalbijoutrie.com\/index.php?rest_route=\/wp\/v2\/pages\/25\/revisions\/1956"}],"wp:attachment":[{"href":"https:\/\/amalbijoutrie.com\/index.php?rest_route=%2Fwp%2Fv2%2Fmedia&parent=25"}],"curies":[{"name":"wp","href":"https:\/\/api.w.org\/{rel}","templated":true}]}}